{"id":11045,"date":"2019-09-27T16:34:30","date_gmt":"2019-09-27T13:34:30","guid":{"rendered":"https:\/\/kultuurikatel.ee\/tallinn-creative-hub\/our-story\/kultuur\/"},"modified":"2019-10-29T12:49:09","modified_gmt":"2019-10-29T10:49:09","slug":"culture","status":"publish","type":"page","link":"https:\/\/kultuurikatel.ee\/en\/tallinn-creative-hub\/our-history\/culture\/","title":{"rendered":"Culture"},"content":{"rendered":"<div id=\"three-column-block-block_5da97a2292916\" class=\"three-column-block read_more_limit\" style=\"margin-top:35px;\">\r\n    <div class=\"single_column\"><div class=\"single_row colored_border\" style=\" padding-bottom:45px; padding-left:55px; padding-right:120px;\"><p><strong>Tallinn\u2019s boiler room left unused for years<\/strong><\/p>\n<p>In 1982, due to the nature of production, the company\u2019s name was changed from Tallinna Linna Elektri Keskjaam (the Central Power Plant of the City of Tallinn) to Tallinna Soojusv\u00f5rguettev\u00f5te or Tallinna Soojusv\u00f5rk (the Tallinn Heating Company). In 1983 Leonid Lipavski was appointed its new director. The boiler room was used until 1987. According to records, the boiler room then had two steam boilers, two boilers for heating water and 40 employees altogether. At the end of the Soviet occupation, during perestroika, the building was left empty to function as a cold reserve that could be powered up, if needed, with advance notice of a day or two.<\/p>\n<div class=\"colored_border_item\" style=\"margin-top:-180px;   \"><\/div><\/div><div class=\"single_row\" style=\"padding-top:48px; padding-bottom:48px; padding-left:55px; padding-right:72px;\"><p><strong>Metal dealers clear building of copper and it remains empty<\/strong><\/p>\n<p>On 20 August 1991 Estonia regained its independence. The former power plant building finally became the property of Tallinn City Government and remained idle for years as a reserve for Tallinna Soojus. Freedom entailed some unexpected developments. In the first years of independence, metal thieves looted abandoned factories and Tallinn Creative Hub was no exception.<\/p>\n<\/div><div class=\"single_row\" style=\"padding-top:48px; padding-bottom:48px; padding-left:55px; padding-right:72px;\"><p><strong>Birth of the culture centre concept and the City Government\u2019s seaside plans<\/strong><\/p>\n<p>Turning old factory buildings into culture centres was already common practice elsewhere in the world. From 1998 to 1999 Veronika Valk wrote her master\u2019s thesis, which included the first idea of putting the old power plant into use as a culture centre. In the year 2000, Veronika Valk and Villem Tomiste won the architectural competition for planning Tallinn\u2019s seaside area. In 2001, the City Council passed the resolution to start a general plan for the coast area between Paljassaare and Russalka.<\/p>\n<\/div><div class=\"single_row\" style=\"padding-top:48px; padding-bottom:48px; padding-left:55px; padding-right:72px;\"><p><strong>Establishment of nongovernmental organization MT\u00dc Kultuurikatel<\/strong><\/p>\n<p>The general plan was nevertheless delayed and the building remained empty until a group of people gathered around the building in the period 2005 to 2006, who were all in favour of putting it into use again. Initially, Tallinn Creative Hub was a grass-roots level local development project that drew together producers of culture and creative persons from all walks of life. MT\u00dc Kultuurikatel was created on 25 July 2006 and its Management Board still comprises Veronika Valk, Peeter-Eerik Ots, Maria Hansar, and Andres L\u00f5o.<\/p>\n<p>The plans for Linnahall and the areas of Kalasadam and Vanasadam, including the construction of residential buildings and the City Government building by the sea, were passed with the resolution of Tallinn City Council dated 15 November 2007, confirming the concept titled \u201cOpening Tallinn to the sea\u201d.<\/p>\n<\/div><\/div><div class=\"single_column\"style=\"\"><div class=\"single_row colored_background\" style=\" padding-bottom:100px; padding-left:44px; padding-right:32px;\"><p><strong>Tallinn Creative Hub comes in first place in the people\u2019s vote<\/strong><\/p>\n<p>In 2007, the chimney, estacade, gasometer, and boiler room were declared objects of cultural heritage under the Heritage Conservation Act. After that, all administrative proceedings concerning the said buildings been conducted through Tallinn\u2019s Department of Culture.<\/p>\n<p>There were plans to complete the building of Tallinn City Theatre as well as the new Creative Hub by the Capital of Culture project in 2011, but it became evident that there would not be sufficient funds for both. The issue was put to popular vote \u201cTallinn Creative Hub vs. Tallinn City Theatre\u201d and the former won. The City Government assigned 30 million kroons from the city\u2019s budget in 2009 for the development of the Culture Hub as part of the Capital of Culture project 2011. The winners of the architectural competition, architects Siiri Vallner and Indrek Peil from Kavakava, were announced on 29 May 2009.<\/p>\n<div class=\"colored_background_item\" style=\"margin-top:0px; margin-bottom:0px; margin-left:0px; margin-right:0px;\"><\/div><\/div><div class=\"single_row colored_background\" style=\" padding-bottom:76px; padding-left:44px; padding-right:32px;\"><p><strong>Tallinn was European Capital of Culture Tallinn 2011<\/strong><\/p>\n<p>In 2011 the foundation Tallinna Kultuurikatel took over management of the complex and began renovation. Evelyn Sepp became a new member of the Management Board. The foundation functions as the follow-up to the European Capital for Culture \u2018Tallinn 2011\u2019 project in Tallinn. The new primary goal of Tallinn Creative Hub was to diversify cultural life in Tallinn and elsewhere in Estonia together with various other organisations; reconstruct the complex of Tallinn Creative Hub, and turn the Creative Hub into a development centre for modern culture, culture export and creative industries, and make it an attractive urban space as well as a centre for educational and leisure activities.<\/p>\n<div class=\"colored_background_item\" style=\"margin-top:0px; margin-bottom:0px; margin-left:0px; margin-right:0px;\"><\/div><\/div><div class=\"single_row colored_background\" style=\" padding-bottom:76px; padding-left:44px; padding-right:32px;\"><p><strong>Corner stone of Centre of Architecture and official opening of Tallinn Creative Hub<\/strong><\/p>\n<p>On 30 May 2014, V\u00e4ino Sarnet took up position as the member of the Management Board of SA Tallinna Kultuurikatel and took the construction procurements of the building in hand to successfully finalise the renovation work. Thanks to V\u00e4ino Sarnet\u2019s activity a permit to use the entire building was issued on 7 December 2015, enabling Tallinn Creative Hub to start operating in full. The building was opened with festivities in the spring of 2015.<\/p>\n<p>On 1 December 2015 Liina Oja started work as head of the foundation. Tallinn Creative Hub focussed on its primary objective, the development of culture and creative industries, and Tallinn Creative Hub became a popular centre for creativity and culture in the seaside area of downtown Tallinn.<\/p>\n<p>In the spring of 2016, Tallinn Creative Hub entered the competition for the work area programme of the Estonian Presidency of the Council of the European Union and came in first place \u2013 the Estonian Presidency of the Council of the European Union, started on 29 June 2017, took place in Tallinn Creative Hub.<\/p>\n<p>The building, with its curious historical heritage, has now undergone thorough renovation and become a valued venue for cultural events, festivals, concerts, and exhibitions. It also houses various companies engaged in creative industries.<\/p>\n<p>The surroundings of Tallinn Creative Hub also constitute an interesting urban space \u2013 Tallinn Creative Hub Garden or Pada is a relaxed place for spending time and organising summer events. The Contemporary Art Museum of Estonia, the Energy Discovery Centre, and the Linnahall cultural heritage site are all located nearby.<\/p>\n<p>290 events took place in Tallinn Creative Hub in 2016 and together with the events held at restaurant Korsten Armastus ja Hea Toit and other long-term tenants of the building, 200,000 people visited Tallinn Creative Hub in total. Tallinn Creative Hub also engaged in a number of independent initiatives by organising free public events for residents of Tallinn. The spring of 2016 was the first time that the Night of Museums and Tallinn Day were celebrated in Tallinn Creative Hub; Tallinn Creative Hub also hosted the MELT conference, excursions for citizens of Tallinn, Tallinn Maritime Days, and, in September, the 10 km recreational race during Tallinn marathon passed through Tallinn Creative Hub.<\/p>\n<p>In the spring of 2017, the D-block rooms were renovated and the wild garden area was transformed into an attractive multi-purpose city square. Conservation work was carried out on Stuart\u2019s redoubt, a construction monument that forms a part of the sea fortress constructed in the beginning of the 19th century (now considered cultural heritage).The ruins by the gas tower were reconstructed. The chimney was fitted with a special structure to catch falling stones, which is unique in Estonia. To add attractiveness to the chimney, it was fitted with Europe\u2019s highest Foucault pendulum, which will remain open to the public without charge.<\/p>\n<p>Text compiled by <em>Agne Nelk<\/em>.<\/p>\n<div class=\"colored_background_item\" style=\"margin-top:0px; margin-bottom:0px; margin-left:0px; margin-right:0px;\"><\/div><\/div><\/div>            <div class=\"read_more_button\">\r\n                <button class=\"read_more btn wider_btn\">Read more<\/button>\r\n            <\/div>\r\n        <\/div>","protected":false},"excerpt":{"rendered":"","protected":false},"author":11,"featured_media":0,"parent":3557,"menu_order":60,"comment_status":"closed","ping_status":"closed","template":"page-templates\/template-columns.php","meta":{"_acf_changed":false,"_uag_custom_page_level_css":"","advgb_blocks_editor_width":"","advgb_blocks_columns_visual_guide":"","_exactmetrics_skip_tracking":false,"_exactmetrics_sitenote_active":false,"_exactmetrics_sitenote_note":"","_exactmetrics_sitenote_category":0,"footnotes":""},"class_list":["post-11045","page","type-page","status-publish","hentry"],"better_featured_image":null,"acf":{"page_class":"","design":[{"type":"image","image":"https:\/\/kultuurikatel.ee\/static\/katlast-1-1.png","youtube":"","vimeo":"","file":false,"author":""},{"type":"image","image":"https:\/\/kultuurikatel.ee\/static\/ajalugu-2.png","youtube":"","vimeo":"","file":false,"author":""},{"type":"youtube","image":false,"youtube":"https:\/\/www.youtube.com\/embed\/7x_b-C9xNTE","vimeo":"","file":false,"author":""}],"show_page_title":false,"show_menu_items":false,"page_width":false,"contacts":""},"yoast_head":"<!-- This site is optimized with the Yoast SEO plugin v27.1.1 - https:\/\/yoast.com\/product\/yoast-seo-wordpress\/ -->\n<title>Culture - Tallinn Creative Hub<\/title>\n<meta name=\"robots\" content=\"index, follow, max-snippet:-1, max-image-preview:large, max-video-preview:-1\" \/>\n<link rel=\"canonical\" href=\"https:\/\/kultuurikatel.ee\/en\/tallinn-creative-hub\/our-history\/culture\/\" \/>\n<meta property=\"og:locale\" content=\"en_US\" \/>\n<meta property=\"og:type\" content=\"article\" \/>\n<meta property=\"og:title\" content=\"Culture - Tallinn Creative Hub\" \/>\n<meta property=\"og:url\" content=\"https:\/\/kultuurikatel.ee\/en\/tallinn-creative-hub\/our-history\/culture\/\" \/>\n<meta property=\"og:site_name\" content=\"Tallinn Creative Hub\" \/>\n<meta property=\"article:publisher\" content=\"https:\/\/www.facebook.com\/kultuurikatel\/\" \/>\n<meta property=\"article:modified_time\" content=\"2019-10-29T10:49:09+00:00\" \/>\n<meta property=\"og:image\" content=\"https:\/\/kultuurikatel.ee\/static\/kult_katel_FB_9.jpg\" \/>\n\t<meta property=\"og:image:width\" content=\"540\" \/>\n\t<meta property=\"og:image:height\" content=\"282\" \/>\n\t<meta property=\"og:image:type\" content=\"image\/jpeg\" \/>\n<meta name=\"twitter:card\" content=\"summary_large_image\" \/>\n<script type=\"application\/ld+json\" class=\"yoast-schema-graph\">{\"@context\":\"https:\/\/schema.org\",\"@graph\":[{\"@type\":\"WebPage\",\"@id\":\"https:\/\/kultuurikatel.ee\/en\/tallinn-creative-hub\/our-history\/culture\/\",\"url\":\"https:\/\/kultuurikatel.ee\/en\/tallinn-creative-hub\/our-history\/culture\/\",\"name\":\"Culture - Tallinn Creative Hub\",\"isPartOf\":{\"@id\":\"https:\/\/kultuurikatel.ee\/#website\"},\"datePublished\":\"2019-09-27T13:34:30+00:00\",\"dateModified\":\"2019-10-29T10:49:09+00:00\",\"breadcrumb\":{\"@id\":\"https:\/\/kultuurikatel.ee\/en\/tallinn-creative-hub\/our-history\/culture\/#breadcrumb\"},\"inLanguage\":\"en-US\",\"potentialAction\":[{\"@type\":\"ReadAction\",\"target\":[\"https:\/\/kultuurikatel.ee\/en\/tallinn-creative-hub\/our-history\/culture\/\"]}]},{\"@type\":\"BreadcrumbList\",\"@id\":\"https:\/\/kultuurikatel.ee\/en\/tallinn-creative-hub\/our-history\/culture\/#breadcrumb\",\"itemListElement\":[{\"@type\":\"ListItem\",\"position\":1,\"name\":\"Home\",\"item\":\"https:\/\/kultuurikatel.ee\/en\/\"},{\"@type\":\"ListItem\",\"position\":2,\"name\":\"Hub\",\"item\":\"https:\/\/kultuurikatel.ee\/en\/tallinn-creative-hub\/\"},{\"@type\":\"ListItem\",\"position\":3,\"name\":\"Our history\",\"item\":\"https:\/\/kultuurikatel.ee\/en\/tallinn-creative-hub\/our-history\/\"},{\"@type\":\"ListItem\",\"position\":4,\"name\":\"Culture\"}]},{\"@type\":\"WebSite\",\"@id\":\"https:\/\/kultuurikatel.ee\/#website\",\"url\":\"https:\/\/kultuurikatel.ee\/\",\"name\":\"Tallinn Creative Hub\",\"description\":\"\",\"publisher\":{\"@id\":\"https:\/\/kultuurikatel.ee\/#organization\"},\"potentialAction\":[{\"@type\":\"SearchAction\",\"target\":{\"@type\":\"EntryPoint\",\"urlTemplate\":\"https:\/\/kultuurikatel.ee\/?s={search_term_string}\"},\"query-input\":{\"@type\":\"PropertyValueSpecification\",\"valueRequired\":true,\"valueName\":\"search_term_string\"}}],\"inLanguage\":\"en-US\"},{\"@type\":\"Organization\",\"@id\":\"https:\/\/kultuurikatel.ee\/#organization\",\"name\":\"SA Tallinna Kultuurikatel\",\"url\":\"https:\/\/kultuurikatel.ee\/\",\"logo\":{\"@type\":\"ImageObject\",\"inLanguage\":\"en-US\",\"@id\":\"https:\/\/kultuurikatel.ee\/#\/schema\/logo\/image\/\",\"url\":\"https:\/\/kultuurikatel.ee\/static\/Katel_logo.jpg\",\"contentUrl\":\"https:\/\/kultuurikatel.ee\/static\/Katel_logo.jpg\",\"width\":1346,\"height\":1022,\"caption\":\"SA Tallinna Kultuurikatel\"},\"image\":{\"@id\":\"https:\/\/kultuurikatel.ee\/#\/schema\/logo\/image\/\"},\"sameAs\":[\"https:\/\/www.facebook.com\/kultuurikatel\/\",\"https:\/\/www.instagram.com\/kultuurikatel\/\"]}]}<\/script>\n<!-- \/ Yoast SEO plugin. -->","yoast_head_json":{"title":"Culture - Tallinn Creative Hub","robots":{"index":"index","follow":"follow","max-snippet":"max-snippet:-1","max-image-preview":"max-image-preview:large","max-video-preview":"max-video-preview:-1"},"canonical":"https:\/\/kultuurikatel.ee\/en\/tallinn-creative-hub\/our-history\/culture\/","og_locale":"en_US","og_type":"article","og_title":"Culture - Tallinn Creative Hub","og_url":"https:\/\/kultuurikatel.ee\/en\/tallinn-creative-hub\/our-history\/culture\/","og_site_name":"Tallinn Creative Hub","article_publisher":"https:\/\/www.facebook.com\/kultuurikatel\/","article_modified_time":"2019-10-29T10:49:09+00:00","og_image":[{"width":540,"height":282,"url":"https:\/\/kultuurikatel.ee\/static\/kult_katel_FB_9.jpg","type":"image\/jpeg"}],"twitter_card":"summary_large_image","schema":{"@context":"https:\/\/schema.org","@graph":[{"@type":"WebPage","@id":"https:\/\/kultuurikatel.ee\/en\/tallinn-creative-hub\/our-history\/culture\/","url":"https:\/\/kultuurikatel.ee\/en\/tallinn-creative-hub\/our-history\/culture\/","name":"Culture - Tallinn Creative Hub","isPartOf":{"@id":"https:\/\/kultuurikatel.ee\/#website"},"datePublished":"2019-09-27T13:34:30+00:00","dateModified":"2019-10-29T10:49:09+00:00","breadcrumb":{"@id":"https:\/\/kultuurikatel.ee\/en\/tallinn-creative-hub\/our-history\/culture\/#breadcrumb"},"inLanguage":"en-US","potentialAction":[{"@type":"ReadAction","target":["https:\/\/kultuurikatel.ee\/en\/tallinn-creative-hub\/our-history\/culture\/"]}]},{"@type":"BreadcrumbList","@id":"https:\/\/kultuurikatel.ee\/en\/tallinn-creative-hub\/our-history\/culture\/#breadcrumb","itemListElement":[{"@type":"ListItem","position":1,"name":"Home","item":"https:\/\/kultuurikatel.ee\/en\/"},{"@type":"ListItem","position":2,"name":"Hub","item":"https:\/\/kultuurikatel.ee\/en\/tallinn-creative-hub\/"},{"@type":"ListItem","position":3,"name":"Our history","item":"https:\/\/kultuurikatel.ee\/en\/tallinn-creative-hub\/our-history\/"},{"@type":"ListItem","position":4,"name":"Culture"}]},{"@type":"WebSite","@id":"https:\/\/kultuurikatel.ee\/#website","url":"https:\/\/kultuurikatel.ee\/","name":"Tallinn Creative Hub","description":"","publisher":{"@id":"https:\/\/kultuurikatel.ee\/#organization"},"potentialAction":[{"@type":"SearchAction","target":{"@type":"EntryPoint","urlTemplate":"https:\/\/kultuurikatel.ee\/?s={search_term_string}"},"query-input":{"@type":"PropertyValueSpecification","valueRequired":true,"valueName":"search_term_string"}}],"inLanguage":"en-US"},{"@type":"Organization","@id":"https:\/\/kultuurikatel.ee\/#organization","name":"SA Tallinna Kultuurikatel","url":"https:\/\/kultuurikatel.ee\/","logo":{"@type":"ImageObject","inLanguage":"en-US","@id":"https:\/\/kultuurikatel.ee\/#\/schema\/logo\/image\/","url":"https:\/\/kultuurikatel.ee\/static\/Katel_logo.jpg","contentUrl":"https:\/\/kultuurikatel.ee\/static\/Katel_logo.jpg","width":1346,"height":1022,"caption":"SA Tallinna Kultuurikatel"},"image":{"@id":"https:\/\/kultuurikatel.ee\/#\/schema\/logo\/image\/"},"sameAs":["https:\/\/www.facebook.com\/kultuurikatel\/","https:\/\/www.instagram.com\/kultuurikatel\/"]}]}},"uagb_featured_image_src":{"full":false,"thumbnail":false,"medium":false,"medium_large":false,"large":false,"1536x1536":false,"2048x2048":false,"event_thumb":false,"small":false,"contact-profile":false,"custom-size":false,"event_image":false},"uagb_author_info":{"display_name":"reaktiiv-kk","author_link":"https:\/\/kultuurikatel.ee\/en\/author\/reaktiiv-kk\/"},"uagb_comment_info":0,"uagb_excerpt":null,"coauthors":[],"author_meta":{"author_link":"https:\/\/kultuurikatel.ee\/en\/author\/reaktiiv-kk\/","display_name":"reaktiiv-kk"},"relative_dates":{"created":"Posted 7 years ago","modified":"Updated 6 years ago"},"absolute_dates":{"created":"Posted on September 27, 2019","modified":"Updated on October 29, 2019"},"absolute_dates_time":{"created":"Posted on September 27, 2019 16:34","modified":"Updated on October 29, 2019 12:49"},"featured_img_caption":"","featured_img":false,"series_order":"","jetpack_sharing_enabled":true,"_links":{"self":[{"href":"https:\/\/kultuurikatel.ee\/en\/wp-json\/wp\/v2\/pages\/11045","targetHints":{"allow":["GET"]}}],"collection":[{"href":"https:\/\/kultuurikatel.ee\/en\/wp-json\/wp\/v2\/pages"}],"about":[{"href":"https:\/\/kultuurikatel.ee\/en\/wp-json\/wp\/v2\/types\/page"}],"author":[{"embeddable":true,"href":"https:\/\/kultuurikatel.ee\/en\/wp-json\/wp\/v2\/users\/11"}],"replies":[{"embeddable":true,"href":"https:\/\/kultuurikatel.ee\/en\/wp-json\/wp\/v2\/comments?post=11045"}],"version-history":[{"count":6,"href":"https:\/\/kultuurikatel.ee\/en\/wp-json\/wp\/v2\/pages\/11045\/revisions"}],"predecessor-version":[{"id":12192,"href":"https:\/\/kultuurikatel.ee\/en\/wp-json\/wp\/v2\/pages\/11045\/revisions\/12192"}],"up":[{"embeddable":true,"href":"https:\/\/kultuurikatel.ee\/en\/wp-json\/wp\/v2\/pages\/3557"}],"wp:attachment":[{"href":"https:\/\/kultuurikatel.ee\/en\/wp-json\/wp\/v2\/media?parent=11045"}],"curies":[{"name":"wp","href":"https:\/\/api.w.org\/{rel}","templated":true}]}}